{"id":78,"date":"2016-04-19T17:23:01","date_gmt":"2016-04-19T17:23:01","guid":{"rendered":"http:\/\/bti.ee\/?page_id=78"},"modified":"2026-03-24T09:33:34","modified_gmt":"2026-03-24T09:33:34","slug":"sertifitseerimine","status":"publish","type":"page","link":"https:\/\/bti.ee\/?page_id=78&lang=et","title":{"rendered":"Keevitajate sertifitseerimine"},"content":{"rendered":"<p>Leht on valmimisel<\/p>\n<h2>Sertifitseerimiss\u00fcsteem keevitajate sertifitseerimiseks<\/h2>\n<p><a href=\"http:\/\/bti.ee\/wp-content\/uploads\/2026\/03\/BTI-KA01-07.-06.07.22.pdf\">BTI KA01-07. 06.07.22<\/a><\/p>\n<p>Teatis Sertifitseeritud keevitajatele ja nende t\u00f6\u00f6andjatele (sertifitseerimise periood 24\/09\/2016 &#8211; 26\/04\/2017) seoses keevitaja sertifikaadi vormi muutmisega (<a href=\"http:\/\/bti.ee\/wp-content\/uploads\/2016\/12\/ee.teatis.003_17.pdf\">link<\/a>)<\/p>\n<h2>Sertifitseerimise etapid<\/h2>\n<ol>\n<li>etapp:\n<ul>\n<li>taotluse esitamine KEEVITAJA <a href=\"http:\/\/bti.ee\/wp-content\/uploads\/2025\/08\/fill-BTI-KA01_02-\u0417\u0430\u044f\u0432\u043a\u0430-\u043d\u0430-\u0441\u0435\u0440\u0442\u0438\u0444-\u0441\u0432\u0430\u0440\u0449\u0438\u043a\u043e\u0432-9606-1-9606-2-Rev.10-08.08.25-Est.pdf\">(<\/a><a href=\"http:\/\/bti.ee\/wp-content\/uploads\/2025\/08\/fill-BTI-KA01_02-\u0417\u0430\u044f\u0432\u043a\u0430-\u043d\u0430-\u0441\u0435\u0440\u0442\u0438\u0444-\u0441\u0432\u0430\u0440\u0449\u0438\u043a\u043e\u0432-9606-1-9606-2-Rev.10-08.08.25-Est.pdf\">vorm: EST PDF<\/a>)<\/li>\n<li>sertifitseerimislepingu allkirjastamine<\/li>\n<li>Dokumendid peavad olema esitatud enne eksamit:\n<ol>\n<li>keevitaja dokumendi koopia (pass, ID-kaart, juhiluba)<\/li>\n<li>WPS<\/li>\n<li>p\u00f5himaterjali sertifikaat<\/li>\n<li>t\u00e4itematerjali sertifikaat (traat, elektroodid)<\/li>\n<li>kaitsegaasi sertifikaat (135, 136, 138, 141 keevitusprotsess)<\/li>\n<li>volframi sertifikaat (kui 141 keevitusprotsess)<\/li>\n<\/ol>\n<\/li>\n<\/ul>\n<\/li>\n<li>etapp:\n<ul>\n<li>keevitajale esitatavad n\u00f5uded:<br \/>\nkeevitajal peavad olema katsekeha keevitamiseks vastavad erialased oskused ja teoreetilised teadmised. Eksamile ei lubata joobes isikuid<\/li>\n<li>katsekeha ettevalmistamine vastavalt WPS-le<\/li>\n<li>eksami l\u00e4biviimine<\/li>\n<li>katsekeha m\u00e4rgistamine (keevitaja nimi, keevitamise kuup\u00e4ev)<\/li>\n<li>katsekeha keevitamine vastavalt WPS-le<\/li>\n<li>eksami hindamine eksamineerija poolt<\/li>\n<\/ul>\n<\/li>\n<li>etapp:\n<ul>\n<li>katsete l\u00e4biviimine (NDT, DT)<\/li>\n<li>sertifitseerimisotsus<\/li>\n<li>sertifikaadi registreerimine ja v\u00e4ljastamine<\/li>\n<\/ul>\n<\/li>\n<li>etapp:\n<ul>\n<li>sertifikaadi ja logode kasutusreeglite j\u00e4rgimine<\/li>\n<li>resertifitseerimiseeskirjade j\u00e4rgimine<\/li>\n<\/ul>\n<\/li>\n<\/ol>\n<h2>BTI kohustused sertifitseerimise l\u00e4biviimisel:<\/h2>\n<ul>\n<li>arusaam, s\u00f5ltumatuse ja erapooletuse t\u00e4htsusest sertifitseerimise l\u00e4biviimisel<\/li>\n<li>regulaarne t\u00f6\u00f6 erapooletuse riskide, mis v\u00f5ivad p\u00e4rineda omandi\u00f5igustest, juhtimisest, personalist, jagatud ressursside kasutamisest, rahandusest, lepingutest, stiimulistest meelitada uusi kliente ning ettev\u00f5tte riskide m\u00e4\u00e4ratlemiseks.<\/li>\n<li>kinnitatud erapooletuse poliitikast\u00a0juhindumine\u00a0 (<a href=\"http:\/\/bti.ee\/?page_id=951&amp;lang=et\">Erapooletuse poliitika<\/a>)<\/li>\n<li>\u00d5igusvastutuse kandmine, sertifitseerimist\u00f6\u00f6l s\u00f5ltumatuse ja erapooletuse\u00a0garanteerimine.<\/li>\n<li>\u00a0\u00e4ri-, finants-, haldus- v\u00f5i muust survest, mis v\u00f5ib m\u00f5jutada sertifitseerimise erapooletust\u00a0s\u00f5ltumatuse tagamine<\/li>\n<li>k\u00f5igi BTI t\u00f6\u00f6tajate s\u00f5ltumatuse ja erapooletuse n\u00f5uetele vastavuse \u00fcle \u00a0j\u00e4relevalve\u00a0 korraldamine<\/li>\n<li>erapooletuse p\u00f5him\u00f5tete j\u00e4rgimine nii keevitaja kui kliendi suhtes<\/li>\n<li>igasuguse diskrimineerimise keeld\u00a0sertifitseerimisel<\/li>\n<li>sertifitseerimisprotsessi l\u00e4biviimine vastavalt etten\u00e4htud regulatiivsetele standardidele<\/li>\n<li>sertifitseerimisprotsessi kohta\u00a0kogu vajaliku info saadavuse tagamine<\/li>\n<li>kaebuste vastuv\u00f5tt ja menetlemine.<\/li>\n<\/ul>\n<h2>Kliendi kohustused:<\/h2>\n<ul>\n<li>sertifitseerimisn\u00f5uete\u00a0j\u00e4rgimine<\/li>\n<li>keevitaja sertifikaadi\u00a0\u00f5ige kasutamine<\/li>\n<li>sertifikaati mittekasutamine sellisel viisil, mis v\u00f5ib kahjustada BTI mainet, samuti mitte tegema eksitavaid v\u00f5i tegelikkusele mittevastavaid avaldusi sertifikaadi kohta.<\/li>\n<li>eksamineerijale\u00a0eksami l\u00e4biviimise kohta\u00a0ligip\u00e4\u00e4su\u00a0tagamine<\/li>\n<li>k\u00f5ikide sertifitseerimiseks vajalikkude dokumentide esitamine<\/li>\n<li>esitatud dokumentide \u00f5igsuse tagamine<\/li>\n<li>sertifikaadi kasutamise l\u00f5petamine, p\u00e4rast selle t\u00fchistamist BTI poolt.<\/li>\n<li>oma klientidele sertifikaadi esitamine t\u00e4ies mahus ja ilma muudatusteta.<\/li>\n<li>teavitamine muudatuste kohta, mis v\u00f5ivad sertifitseerimist m\u00f5jutada.<\/li>\n<\/ul>\n<h2>Sertifikaatide ja logode\/m\u00e4rkide kasutamine:<\/h2>\n<ul>\n<li>igasugune BTI m\u00e4rkide ja logode kasutamine on keelatud<\/li>\n<li>Valed viited sertifitseerimisele v\u00f5i sertifikaadile, eksitav logo kasutamine reklaamides, kataloogides, tr\u00fckistes, jne. toob kaasa sertifikaadi kehtivuse peatamist igal v\u00f5imalikul viisil ja vastavaid meetmeid. Selline k\u00e4itumine, nagu vigaste ja v\u00e4\u00e4rarusaamu tekitavate avalduste tegemine v\u00f5ib peatada v\u00f5i t\u00fchistada sertifikaati v\u00f5i sertifitseerimist, ning vajadusel kaasa tuua kohtuhagi.<\/li>\n<\/ul>\n<h2>Finantseerimine ja hinnapakkumised:<\/h2>\n<ul>\n<li>BTI finantseerimistegevus p\u00f5hineb omafinantseerimisel. Kolmandate isikute poolne rahastamine puudub<\/li>\n<li>k\u00f5ik kulud, mis on seotud ja mis tulenevad sertifitseerimise protsessist, klient\/tellija maksab ise<\/li>\n<li>s\u00f5ltuvalt kliendi\/tellija valitud sertifitseerimismeetodist iga hinnapakkumine arvutatakse eraldi<\/li>\n<li>hinnaarvutamise p\u00f5him\u00f5te on sama k\u00f5ikidele klientidele ilma mingisugust diskrimineerimist<\/li>\n<li>hinnapakkumised on saadaval n\u00f5udmisel<\/li>\n<li>tasumine toimub BTI arvetele tegelikult osutatud teenuste eest<\/li>\n<\/ul>\n<h2>Resertifitseerimismenetlused<\/h2>\n<p>Teostatakse vastavalt sertifitseerimiss\u00fcsteemile<\/p>\n<p>&nbsp;<\/p>\n<h2>Apellatsiooni ja kaebuse esitamise protseduur<\/h2>\n<p>Kaebamise ja apelleerimise korda on v\u00e4lja toodud vastaval\u00a0<a href=\"https:\/\/bti.ee\/?page_id=960&amp;lang=et\">lehek\u00fcljel<\/a><\/p>\n","protected":false},"excerpt":{"rendered":"<p>Leht on valmimisel Sertifitseerimiss\u00fcsteem keevitajate sertifitseerimiseks BTI KA01-07. 06.07.22 Teatis Sertifitseeritud keevitajatele ja nende t\u00f6\u00f6andjatele (sertifitseerimise periood 24\/09\/2016 &#8211; 26\/04\/2017) seoses keevitaja sertifikaadi vormi muutmisega (link) Sertifitseerimise etapid etapp: taotluse esitamine KEEVITAJA (vorm: EST PDF) sertifitseerimislepingu allkirjastamine Dokumendid peavad olema esitatud enne eksamit: keevitaja dokumendi koopia (pass, ID-kaart, juhiluba) WPS p\u00f5himaterjali sertifikaat t\u00e4itematerjali sertifikaat (traat,&#8230;<\/p>\n","protected":false},"author":1,"featured_media":0,"parent":43,"menu_order":0,"comment_status":"closed","ping_status":"closed","template":"","meta":{"footnotes":""},"class_list":["post-78","page","type-page","status-publish","hentry"],"_links":{"self":[{"href":"https:\/\/bti.ee\/index.php?rest_route=\/wp\/v2\/pages\/78","targetHints":{"allow":["GET"]}}],"collection":[{"href":"https:\/\/bti.ee\/index.php?rest_route=\/wp\/v2\/pages"}],"about":[{"href":"https:\/\/bti.ee\/index.php?rest_route=\/wp\/v2\/types\/page"}],"author":[{"embeddable":true,"href":"https:\/\/bti.ee\/index.php?rest_route=\/wp\/v2\/users\/1"}],"replies":[{"embeddable":true,"href":"https:\/\/bti.ee\/index.php?rest_route=%2Fwp%2Fv2%2Fcomments&post=78"}],"version-history":[{"count":47,"href":"https:\/\/bti.ee\/index.php?rest_route=\/wp\/v2\/pages\/78\/revisions"}],"predecessor-version":[{"id":1362,"href":"https:\/\/bti.ee\/index.php?rest_route=\/wp\/v2\/pages\/78\/revisions\/1362"}],"up":[{"embeddable":true,"href":"https:\/\/bti.ee\/index.php?rest_route=\/wp\/v2\/pages\/43"}],"wp:attachment":[{"href":"https:\/\/bti.ee\/index.php?rest_route=%2Fwp%2Fv2%2Fmedia&parent=78"}],"curies":[{"name":"wp","href":"https:\/\/api.w.org\/{rel}","templated":true}]}}